{"id":97,"date":"2014-02-27T16:09:49","date_gmt":"2014-02-27T16:09:49","guid":{"rendered":"http:\/\/www.bandagest.com\/bandagest\/?page_id=97"},"modified":"2023-03-07T19:32:19","modified_gmt":"2023-03-07T19:32:19","slug":"demo","status":"publish","type":"page","link":"http:\/\/www.bandagest.com\/bandagest\/demo\/","title":{"rendered":"Registar Banda"},"content":{"rendered":"\n<p><\/p>\n\n\n<p>Email: geral@bandagest.com<\/p>\n<p>Pe\u00e7a o seu acesso, ap\u00f3s o per\u00edodo de teste, poder\u00e1 permanecer na vers\u00e3o gratuita:<\/p>\n<h2><span style=\"color: #ff6600;\"><strong><a style=\"color: #ff6600;\" href=\"https:\/\/www.bandafilarmonica.pt\/bandasnovo\/bandafilarmonica\/registobanda\/\" target=\"_blank\" rel=\"noopener\">Aderir \u00e0 plataforma<\/a><\/strong><\/span><\/h2>\n<h2><span style=\"color: #3366ff;\"><a style=\"color: #3366ff;\" href=\"https:\/\/www.bandafilarmonica.pt\" target=\"_blank\" rel=\"noopener\">Site das Bandas Filarm\u00f3nicas<\/a><\/span><\/h2>","protected":false},"excerpt":{"rendered":"<p>Email: geral@bandagest.com Pe\u00e7a o seu acesso, ap\u00f3s o per\u00edodo de teste, poder\u00e1 permanecer na vers\u00e3o gratuita: Aderir \u00e0 plataforma Site das Bandas Filarm\u00f3nicas<\/p>\n","protected":false},"author":1,"featured_media":0,"parent":0,"menu_order":0,"comment_status":"closed","ping_status":"open","template":"","meta":{"_mi_skip_tracking":false},"aioseo_notices":[],"_links":{"self":[{"href":"http:\/\/www.bandagest.com\/bandagest\/wp-json\/wp\/v2\/pages\/97"}],"collection":[{"href":"http:\/\/www.bandagest.com\/bandagest\/wp-json\/wp\/v2\/pages"}],"about":[{"href":"http:\/\/www.bandagest.com\/bandagest\/wp-json\/wp\/v2\/types\/page"}],"author":[{"embeddable":true,"href":"http:\/\/www.bandagest.com\/bandagest\/wp-json\/wp\/v2\/users\/1"}],"replies":[{"embeddable":true,"href":"http:\/\/www.bandagest.com\/bandagest\/wp-json\/wp\/v2\/comments?post=97"}],"version-history":[{"count":11,"href":"http:\/\/www.bandagest.com\/bandagest\/wp-json\/wp\/v2\/pages\/97\/revisions"}],"predecessor-version":[{"id":234,"href":"http:\/\/www.bandagest.com\/bandagest\/wp-json\/wp\/v2\/pages\/97\/revisions\/234"}],"wp:attachment":[{"href":"http:\/\/www.bandagest.com\/bandagest\/wp-json\/wp\/v2\/media?parent=97"}],"curies":[{"name":"wp","href":"https:\/\/api.w.org\/{rel}","templated":true}]}}