{"id":14,"date":"2014-02-17T21:45:20","date_gmt":"2014-02-17T21:45:20","guid":{"rendered":"http:\/\/www.bandagest.com\/bandagest\/?page_id=14"},"modified":"2023-01-31T15:22:34","modified_gmt":"2023-01-31T15:22:34","slug":"contactos","status":"publish","type":"page","link":"https:\/\/www.bandagest.com\/bandagest\/contactos\/","title":{"rendered":"Contactos"},"content":{"rendered":"<p>Email: geral@bandagest.com<\/p>\n<p>Pe\u00e7a acesso para a sua Banda, ap\u00f3s o per\u00edodo de teste, poder\u00e1 permanecer na vers\u00e3o gratuita:<\/p>\n<h2><span style=\"color: #ff6600;\"><strong><a style=\"color: #ff6600;\" href=\"https:\/\/www.bandafilarmonica.pt\/bandasnovo\/bandafilarmonica\/registobanda\/\" target=\"_blank\" rel=\"noopener\">Aderir \u00e0 plataforma<\/a><\/strong><\/span><\/h2>\n<h2><span style=\"color: #3366ff;\"><a style=\"color: #3366ff;\" href=\"https:\/\/www.bandafilarmonica.pt\" target=\"_blank\" rel=\"noopener\">Site das Bandas Filarm\u00f3nicas<\/a><\/span><\/h2>\n","protected":false},"excerpt":{"rendered":"<p>Email: geral@bandagest.com Pe\u00e7a acesso para a sua Banda, ap\u00f3s o per\u00edodo de teste, poder\u00e1 permanecer na vers\u00e3o gratuita: Aderir \u00e0 plataforma Site das Bandas Filarm\u00f3nicas<\/p>\n","protected":false},"author":1,"featured_media":0,"parent":0,"menu_order":1,"comment_status":"closed","ping_status":"open","template":"","meta":{"_mi_skip_tracking":false},"aioseo_notices":[],"_links":{"self":[{"href":"https:\/\/www.bandagest.com\/bandagest\/wp-json\/wp\/v2\/pages\/14"}],"collection":[{"href":"https:\/\/www.bandagest.com\/bandagest\/wp-json\/wp\/v2\/pages"}],"about":[{"href":"https:\/\/www.bandagest.com\/bandagest\/wp-json\/wp\/v2\/types\/page"}],"author":[{"embeddable":true,"href":"https:\/\/www.bandagest.com\/bandagest\/wp-json\/wp\/v2\/users\/1"}],"replies":[{"embeddable":true,"href":"https:\/\/www.bandagest.com\/bandagest\/wp-json\/wp\/v2\/comments?post=14"}],"version-history":[{"count":8,"href":"https:\/\/www.bandagest.com\/bandagest\/wp-json\/wp\/v2\/pages\/14\/revisions"}],"predecessor-version":[{"id":213,"href":"https:\/\/www.bandagest.com\/bandagest\/wp-json\/wp\/v2\/pages\/14\/revisions\/213"}],"wp:attachment":[{"href":"https:\/\/www.bandagest.com\/bandagest\/wp-json\/wp\/v2\/media?parent=14"}],"curies":[{"name":"wp","href":"https:\/\/api.w.org\/{rel}","templated":true}]}}