{"id":237,"date":"2023-03-07T19:45:33","date_gmt":"2023-03-07T19:45:33","guid":{"rendered":"https:\/\/www.bandagest.com\/bandagest\/?page_id=237"},"modified":"2023-03-09T13:57:47","modified_gmt":"2023-03-09T13:57:47","slug":"bandagest","status":"publish","type":"page","link":"https:\/\/www.bandagest.com\/bandagest\/","title":{"rendered":"BandaGest Plataforma Para Bandas Filarm\u00f3nicas"},"content":{"rendered":"\n<p><\/p>\n\n\n\n<p class=\"has-medium-font-size\"><mark style=\"background-color:rgba(0, 0, 0, 0)\" class=\"has-inline-color has-vivid-red-color\"><strong>Software para bandas Filarm\u00f3nicas<\/strong><\/mark><\/p>\n\n\n\n<p>O&nbsp;<strong><em>BandaGest<\/em><\/strong>&nbsp;\u00e9 a plataforma de que todas as bandas filarm\u00f3nicas precisam, permite de forma muito simples, sem grandes conhecimentos inform\u00e1ticos criar o site da Banda bem como a gest\u00e3o de comunica\u00e7\u00e3o, a agenda e outras.<\/p>\n\n\n<div class=\"wp-block-image\">\n<figure class=\"aligncenter\"><img decoding=\"async\" loading=\"lazy\" width=\"1400\" height=\"804\" src=\"http:\/\/www.bandagest.com\/bandagest\/wp-content\/uploads\/2014\/02\/vistageral.png\" alt=\"\" class=\"wp-image-221\" srcset=\"https:\/\/www.bandagest.com\/bandagest\/wp-content\/uploads\/2014\/02\/vistageral.png 1400w, https:\/\/www.bandagest.com\/bandagest\/wp-content\/uploads\/2014\/02\/vistageral-300x172.png 300w, https:\/\/www.bandagest.com\/bandagest\/wp-content\/uploads\/2014\/02\/vistageral-1024x588.png 1024w, https:\/\/www.bandagest.com\/bandagest\/wp-content\/uploads\/2014\/02\/vistageral-768x441.png 768w\" sizes=\"(max-width: 1400px) 100vw, 1400px\" \/><\/figure><\/div>\n\n\n<p>O&nbsp;<strong><em>BandaGest<\/em><\/strong>&nbsp;n\u00e3o serve apenas para criar sites, essa \u00e9 apenas uma das suas fun\u00e7\u00f5es.<\/p>\n\n\n\n<p><strong>Para que serve ent\u00e3o?<\/strong><\/p>\n\n\n\n<p><strong>Site<\/strong><\/p>\n\n\n\n<p>\u2013 Atrav\u00e9s do preenchimento de simples formul\u00e1rios acerca da Banda \u00e9 gerado automaticamente um site (Apresenta\u00e7\u00e3o, Historial, Maestro, etc..).<\/p>\n\n\n<div class=\"wp-block-image\">\n<figure class=\"aligncenter\"><img decoding=\"async\" loading=\"lazy\" width=\"680\" height=\"943\" src=\"http:\/\/www.bandagest.com\/bandagest\/wp-content\/uploads\/2014\/02\/siteagenda.png\" alt=\"Agenda\" class=\"wp-image-219\" srcset=\"https:\/\/www.bandagest.com\/bandagest\/wp-content\/uploads\/2014\/02\/siteagenda.png 680w, https:\/\/www.bandagest.com\/bandagest\/wp-content\/uploads\/2014\/02\/siteagenda-216x300.png 216w\" sizes=\"(max-width: 680px) 100vw, 680px\" \/><\/figure><\/div>\n\n\n<p>\u2013 A plataforma tamb\u00e9m permite criar uma galeria de imagens que aparecer\u00e3o no site<\/p>\n\n\n\n<p>\u2013 O site pode ser composto ao gosto de cada banda(cores, imagens, banners,tipos de letra, tamanhos,etc..)<\/p>\n\n\n\n<p><strong>Agenda<\/strong><\/p>\n\n\n\n<p>\u2013 A plataforma permite gerir a agenda, com data, hora, local, descri\u00e7\u00e3o e instru\u00e7\u00f5es para os eventos, bem como a localiza\u00e7\u00e3o no mapa.<\/p>\n\n\n\n<p>\u2013 Os m\u00fasicos podem comunicar na agenda a sua indisponibilidade.<\/p>\n\n\n\n<p>\u2013 A agenda pode ser sincronizada com os telem\u00f3veis\/tablet android, Iphone, etc.. assim, os m\u00fasicos t\u00eam sempre a agenda atualizada no telem\u00f3vel.<\/p>\n\n\n\n<figure class=\"wp-block-image\"><a href=\"http:\/\/www.bandagest.com\/bandagest\/wp-content\/uploads\/2014\/02\/agendapda.jpg\" target=\"_blank\" rel=\"noreferrer noopener\"><img decoding=\"async\" loading=\"lazy\" width=\"1000\" height=\"750\" src=\"http:\/\/www.bandagest.com\/bandagest\/wp-content\/uploads\/2014\/02\/agendapda.jpg\" alt=\"Agenda no smartphone\" class=\"wp-image-64\" srcset=\"https:\/\/www.bandagest.com\/bandagest\/wp-content\/uploads\/2014\/02\/agendapda.jpg 1000w, https:\/\/www.bandagest.com\/bandagest\/wp-content\/uploads\/2014\/02\/agendapda-300x225.jpg 300w, https:\/\/www.bandagest.com\/bandagest\/wp-content\/uploads\/2014\/02\/agendapda-800x600.jpg 800w\" sizes=\"(max-width: 1000px) 100vw, 1000px\" \/><\/a><\/figure>\n\n\n\n<p>\u2013 Os eventos da agenda podem ser configurados para aparecerem no site ou n\u00e3o (por exemplo os ensaios n\u00e3o aparecerem no site, apenas na \u00e1rea reservada)<\/p>\n\n\n\n<p><strong>Comunica\u00e7\u00e3o<\/strong><\/p>\n\n\n\n<p>\u2013 A plataforma&nbsp;<strong><em>BandaGest<\/em><\/strong>&nbsp;permite fazer uma eficaz gest\u00e3o da comunica\u00e7\u00e3o, \u00e9 poss\u00edvel enviar mensagens direcionadas para naipes de instrumento (todos ou s\u00f3 alguns), dire\u00e7ao, s\u00f3cios, etc.. permite tamb\u00e9m enviar mensagens SMS.<\/p>\n\n\n<div class=\"wp-block-image\">\n<figure class=\"aligncenter\"><img decoding=\"async\" loading=\"lazy\" width=\"643\" height=\"891\" src=\"http:\/\/www.bandagest.com\/bandagest\/wp-content\/uploads\/2014\/02\/comunicacao.png\" alt=\"Comunica\u00e7\u00e3o\" class=\"wp-image-220\" srcset=\"https:\/\/www.bandagest.com\/bandagest\/wp-content\/uploads\/2014\/02\/comunicacao.png 643w, https:\/\/www.bandagest.com\/bandagest\/wp-content\/uploads\/2014\/02\/comunicacao-216x300.png 216w\" sizes=\"(max-width: 643px) 100vw, 643px\" \/><\/figure><\/div>\n\n\n<p><strong>\u00c1rea reservada<\/strong><\/p>\n\n\n\n<p>\u2013 A plataforma&nbsp;<strong><em>BandaGest<\/em><\/strong>&nbsp;tem uma \u00e1rea reservada para todos os m\u00fasicos, maestro, dire\u00e7\u00e3o, onde encontram a agenda com o plano de ensaios, festas e concertos com a devida descri\u00e7\u00e3o e instru\u00e7\u00f5es para cada evento, bem como todas as comunica\u00e7\u00f5es recebidas<\/p>\n\n\n\n<p>\u2013 Os m\u00fasicos t\u00eam acesso ao seu perfil atrav\u00e9s da \u00e1rea reservada, onde lhes \u00e9 permitido atualizar os seus dados pessoais e foto. Aparecer\u00e3o automaticamente no site.<\/p>\n\n\n<div class=\"wp-block-image\">\n<figure class=\"aligncenter\"><img decoding=\"async\" loading=\"lazy\" width=\"946\" height=\"617\" src=\"http:\/\/www.bandagest.com\/bandagest\/wp-content\/uploads\/2014\/02\/agendamusicos.png\" alt=\"\" class=\"wp-image-222\" srcset=\"https:\/\/www.bandagest.com\/bandagest\/wp-content\/uploads\/2014\/02\/agendamusicos.png 946w, https:\/\/www.bandagest.com\/bandagest\/wp-content\/uploads\/2014\/02\/agendamusicos-300x196.png 300w, https:\/\/www.bandagest.com\/bandagest\/wp-content\/uploads\/2014\/02\/agendamusicos-768x501.png 768w\" sizes=\"(max-width: 946px) 100vw, 946px\" \/><\/figure><\/div>\n\n\n<p>\u2013 Cada m\u00fasico pode fazer o seu registo atrav\u00e9s do site que ser\u00e1 validado posteriormente pelos respons\u00e1veis\/administradores da plataforma<\/p>\n\n\n\n<p><strong>Registo de Faltas\/Presen\u00e7as<\/strong><\/p>\n\n\n\n<figure class=\"wp-block-image\"><a href=\"http:\/\/www.bandagest.com\/bandagest\/wp-content\/uploads\/2014\/04\/imagem-faltas.jpg\"><img decoding=\"async\" loading=\"lazy\" width=\"1342\" height=\"850\" src=\"http:\/\/www.bandagest.com\/bandagest\/wp-content\/uploads\/2014\/04\/imagem-faltas.jpg\" alt=\"imagem faltas\" class=\"wp-image-138\" srcset=\"https:\/\/www.bandagest.com\/bandagest\/wp-content\/uploads\/2014\/04\/imagem-faltas.jpg 1342w, https:\/\/www.bandagest.com\/bandagest\/wp-content\/uploads\/2014\/04\/imagem-faltas-300x190.jpg 300w, https:\/\/www.bandagest.com\/bandagest\/wp-content\/uploads\/2014\/04\/imagem-faltas-1024x648.jpg 1024w, https:\/\/www.bandagest.com\/bandagest\/wp-content\/uploads\/2014\/04\/imagem-faltas-800x506.jpg 800w\" sizes=\"(max-width: 1342px) 100vw, 1342px\" \/><\/a><\/figure>\n\n\n\n<p>Com a Plataforma&nbsp;<strong><em>BandaGest<\/em><\/strong>&nbsp;pode registar as faltas\/presen\u00e7as dos m\u00fasicos nos eventos (Ensaios, Concertos, Festas,..) com um clique apenas. Esta \u00e9 uma ferramenta importante na gest\u00e3o &nbsp;dos recursos humanos.<\/p>\n\n\n\n<p><strong>Invent\u00e1rio<\/strong><\/p>\n\n\n\n<figure class=\"wp-block-image\"><img decoding=\"async\" loading=\"lazy\" width=\"961\" height=\"728\" src=\"http:\/\/www.bandagest.com\/bandagest\/wp-content\/uploads\/2014\/02\/inventario.jpg\" alt=\"inventario\" class=\"wp-image-149\" srcset=\"https:\/\/www.bandagest.com\/bandagest\/wp-content\/uploads\/2014\/02\/inventario.jpg 961w, https:\/\/www.bandagest.com\/bandagest\/wp-content\/uploads\/2014\/02\/inventario-300x227.jpg 300w, https:\/\/www.bandagest.com\/bandagest\/wp-content\/uploads\/2014\/02\/inventario-800x606.jpg 800w\" sizes=\"(max-width: 961px) 100vw, 961px\" \/><\/figure>\n\n\n\n<p>O BandaGest permite manter o invent\u00e1rio da Banda sempre atualizado, com esta funcionalidade saiba sempre onde se encontram os instrumentos (e outros bens) da Banda e sob responsabilidade de quem est\u00e3o.<\/p>\n\n\n\n<p><strong>S\u00f3cios<\/strong><\/p>\n\n\n<div class=\"wp-block-image\">\n<figure class=\"aligncenter\"><img decoding=\"async\" loading=\"lazy\" width=\"891\" height=\"581\" src=\"http:\/\/www.bandagest.com\/bandagest\/wp-content\/uploads\/2014\/02\/socios.png\" alt=\"S\u00f3cios\" class=\"wp-image-223\" srcset=\"https:\/\/www.bandagest.com\/bandagest\/wp-content\/uploads\/2014\/02\/socios.png 891w, https:\/\/www.bandagest.com\/bandagest\/wp-content\/uploads\/2014\/02\/socios-300x196.png 300w, https:\/\/www.bandagest.com\/bandagest\/wp-content\/uploads\/2014\/02\/socios-768x501.png 768w\" sizes=\"(max-width: 891px) 100vw, 891px\" \/><\/figure><\/div>\n\n\n<p>\u2013 A&nbsp;<strong><em>BandaGest<\/em><\/strong>&nbsp;tem um m\u00f3dulo de gest\u00e3o de s\u00f3cios<\/p>\n\n\n\n<p><strong>Listagens<\/strong><\/p>\n\n\n\n<p>\u2013 \u00c9 poss\u00edvel retirar v\u00e1rios tipos de listagens, listas de m\u00fasicos, s\u00f3cios, etc..<\/p>\n\n\n<div class=\"wp-block-image\">\n<figure class=\"aligncenter\"><img decoding=\"async\" loading=\"lazy\" width=\"1217\" height=\"757\" src=\"http:\/\/www.bandagest.com\/bandagest\/wp-content\/uploads\/2014\/02\/listagem.jpg\" alt=\"Listagem\" class=\"wp-image-224\" srcset=\"https:\/\/www.bandagest.com\/bandagest\/wp-content\/uploads\/2014\/02\/listagem.jpg 1217w, https:\/\/www.bandagest.com\/bandagest\/wp-content\/uploads\/2014\/02\/listagem-300x187.jpg 300w, https:\/\/www.bandagest.com\/bandagest\/wp-content\/uploads\/2014\/02\/listagem-1024x637.jpg 1024w, https:\/\/www.bandagest.com\/bandagest\/wp-content\/uploads\/2014\/02\/listagem-768x478.jpg 768w, https:\/\/www.bandagest.com\/bandagest\/wp-content\/uploads\/2014\/02\/listagem-480x300.jpg 480w\" sizes=\"(max-width: 1217px) 100vw, 1217px\" \/><\/figure><\/div>\n\n\n<p><strong>Arquivo<\/strong><\/p>\n\n\n\n<p>\u2013 A plataforma permite arquivar e partilhar partituras<\/p>\n\n\n<div class=\"wp-block-image\">\n<figure class=\"aligncenter\"><img decoding=\"async\" loading=\"lazy\" width=\"770\" height=\"470\" src=\"http:\/\/www.bandagest.com\/bandagest\/wp-content\/uploads\/2014\/02\/Drag-and-drop.png\" alt=\"\" class=\"wp-image-225\" srcset=\"https:\/\/www.bandagest.com\/bandagest\/wp-content\/uploads\/2014\/02\/Drag-and-drop.png 770w, https:\/\/www.bandagest.com\/bandagest\/wp-content\/uploads\/2014\/02\/Drag-and-drop-300x183.png 300w, https:\/\/www.bandagest.com\/bandagest\/wp-content\/uploads\/2014\/02\/Drag-and-drop-768x469.png 768w\" sizes=\"(max-width: 770px) 100vw, 770px\" \/><\/figure><\/div>","protected":false},"excerpt":{"rendered":"<p>Software para bandas Filarm\u00f3nicas O&nbsp;BandaGest&nbsp;\u00e9 a plataforma de que todas as bandas filarm\u00f3nicas precisam, permite de forma muito simples, sem grandes conhecimentos inform\u00e1ticos criar o site da Banda bem como &#8230;<\/p>\n","protected":false},"author":1,"featured_media":0,"parent":0,"menu_order":0,"comment_status":"closed","ping_status":"closed","template":"","meta":{"_mi_skip_tracking":false},"aioseo_notices":[],"_links":{"self":[{"href":"https:\/\/www.bandagest.com\/bandagest\/wp-json\/wp\/v2\/pages\/237"}],"collection":[{"href":"https:\/\/www.bandagest.com\/bandagest\/wp-json\/wp\/v2\/pages"}],"about":[{"href":"https:\/\/www.bandagest.com\/bandagest\/wp-json\/wp\/v2\/types\/page"}],"author":[{"embeddable":true,"href":"https:\/\/www.bandagest.com\/bandagest\/wp-json\/wp\/v2\/users\/1"}],"replies":[{"embeddable":true,"href":"https:\/\/www.bandagest.com\/bandagest\/wp-json\/wp\/v2\/comments?post=237"}],"version-history":[{"count":4,"href":"https:\/\/www.bandagest.com\/bandagest\/wp-json\/wp\/v2\/pages\/237\/revisions"}],"predecessor-version":[{"id":248,"href":"https:\/\/www.bandagest.com\/bandagest\/wp-json\/wp\/v2\/pages\/237\/revisions\/248"}],"wp:attachment":[{"href":"https:\/\/www.bandagest.com\/bandagest\/wp-json\/wp\/v2\/media?parent=237"}],"curies":[{"name":"wp","href":"https:\/\/api.w.org\/{rel}","templated":true}]}}